{"id":765,"date":"2026-03-11T19:24:55","date_gmt":"2026-03-11T19:24:55","guid":{"rendered":"https:\/\/hundensfys.dk\/ny2\/?page_id=765"},"modified":"2026-03-28T11:33:13","modified_gmt":"2026-03-28T11:33:13","slug":"behandlinger","status":"publish","type":"page","link":"https:\/\/hundensfys.dk\/index.php\/behandlinger\/","title":{"rendered":"Behandlinger"},"content":{"rendered":"\n<h3 class=\"wp-block-heading\">Opstartskonsultation<\/h3>\n\n\n\n<p class=\"has-medium-font-size\">Ethvert nyt m\u00f8de med ejer og hund(og hvis det er mere end 2 \u00e5r siden, I har v\u00e6ret her sidst) starter med en opstartskonsultation. Her skal jeg h\u00f8re om hundens problemstillinger, lave en unders\u00f8gelse, der m\u00e5ske inkluderer videooptagelse, hvis jeg skal granske bev\u00e6gem\u00f8nstre n\u00e6rmere.<br>S\u00e5 l\u00e6gger vi en slagplan for forl\u00f8bet, inkl. en forventningsafstemning.<br>Det kan v\u00e6re, jeg sender jer en tur til dyrl\u00e6gen, hvis jeg finder behov for det, f\u00f8r videre tr\u00e6ning \/ behandling kan ske.<\/p>\n\n\n\n<div class=\"wp-block-stackable-text stk-block-text stk-block stk-8b8b899\" data-block-id=\"8b8b899\"><style>.stk-8b8b899 {margin-bottom:21px !important;}.stk-8b8b899 .stk-block-text__text{font-size:var(--stk--preset--font-size--large, 30px) !important;}@media screen and (max-width:999px){.stk-8b8b899 .stk-block-text__text{font-size:var(--stk--preset--font-size--large, 30px) !important;}}<\/style><p class=\"stk-block-text__text\"><strong>Massage<\/strong><\/p><\/div>\n\n\n\n<p class=\"has-medium-font-size\">Efter en grundig opvarmning af hunden, masseres den igennem ved hj\u00e6lp af specielle greb. \u00d8mme muskler, bindev\u00e6v og led arbejdes igennem, og ved hj\u00e6lp af bindev\u00e6vsmassage kommer jeg helt ind omkring de sm\u00e5 muskler i kroppen. Afh\u00e6ngig af, hvad hunden reagerer p\u00e5, kan der fokuseres p\u00e5 enkelte kropsdele, men der er ogs\u00e5 fokus p\u00e5 de kompensationer, \u00f8mme og sp\u00e6ndte muskler og led kan have i andre dele af kroppen. Derfor kan du forvente, at man med den fulde omgang massage kommer hele vejen rundt om hunden. Husk bagefter, at hunden kan v\u00e6re tr\u00e6t og \u00f8m, ligesom os selv, n\u00e5r vi har modtaget massage. Derfor er det vigtigt, at hunden ikke indg\u00e5r i vild leg i et par dage efter massage, og heller ikke konkurrencer. Den korte massage har mere fokus p\u00e5 problemomr\u00e5der, og kan benyttes, hvis man allerede er i gang med et forl\u00f8b. Massage kan ogs\u00e5 have en beroligende effekt p\u00e5 nervesystemet, s\u00e5 det er v\u00e6rd at pr\u00f8ve af, hvis man har en sensitiv eller hurtig reagerende hund. Hvis hunden for nyligt er blevet mere reaktiv \/ mere urolig, anbefales det at bes\u00f8ge dyrl\u00e6gen for at udelukke underliggende \u00e5rsager. Endelig kan massage benyttes som ren wellness til hunden.<\/p>\n\n\n\n<p><\/p>\n\n\n\n<p><\/p>\n","protected":false},"excerpt":{"rendered":"<p>Opstartskonsultation Ethvert nyt m\u00f8de med ejer og hund(og hvis det er mere end 2 \u00e5r siden, I har v\u00e6ret her sidst) starter med en opstartskonsultation. Her skal jeg h\u00f8re om hundens problemstillinger, lave en unders\u00f8gelse, der m\u00e5ske inkluderer videooptagelse, hvis jeg skal granske bev\u00e6gem\u00f8nstre n\u00e6rmere.S\u00e5 l\u00e6gger vi en slagplan for forl\u00f8bet, inkl. en forventningsafstemning.Det kan [&hellip;]<\/p>\n","protected":false},"author":1,"featured_media":0,"parent":0,"menu_order":0,"comment_status":"closed","ping_status":"closed","template":"","meta":{"footnotes":""},"class_list":["post-765","page","type-page","status-publish","hentry"],"blocksy_meta":[],"_links":{"self":[{"href":"https:\/\/hundensfys.dk\/index.php\/wp-json\/wp\/v2\/pages\/765","targetHints":{"allow":["GET"]}}],"collection":[{"href":"https:\/\/hundensfys.dk\/index.php\/wp-json\/wp\/v2\/pages"}],"about":[{"href":"https:\/\/hundensfys.dk\/index.php\/wp-json\/wp\/v2\/types\/page"}],"author":[{"embeddable":true,"href":"https:\/\/hundensfys.dk\/index.php\/wp-json\/wp\/v2\/users\/1"}],"replies":[{"embeddable":true,"href":"https:\/\/hundensfys.dk\/index.php\/wp-json\/wp\/v2\/comments?post=765"}],"version-history":[{"count":4,"href":"https:\/\/hundensfys.dk\/index.php\/wp-json\/wp\/v2\/pages\/765\/revisions"}],"predecessor-version":[{"id":846,"href":"https:\/\/hundensfys.dk\/index.php\/wp-json\/wp\/v2\/pages\/765\/revisions\/846"}],"wp:attachment":[{"href":"https:\/\/hundensfys.dk\/index.php\/wp-json\/wp\/v2\/media?parent=765"}],"curies":[{"name":"wp","href":"https:\/\/api.w.org\/{rel}","templated":true}]}}