{"id":479,"date":"2021-05-07T09:38:43","date_gmt":"2021-05-07T09:38:43","guid":{"rendered":"https:\/\/startersites.io\/blocksy\/yogi\/?page_id=3"},"modified":"2026-03-12T18:45:51","modified_gmt":"2026-03-12T18:45:51","slug":"privacy-policy","status":"publish","type":"page","link":"https:\/\/hundensfys.dk\/index.php\/privacy-policy\/","title":{"rendered":"Privatlivspolitik"},"content":{"rendered":"\n<div class=\"wp-block-stackable-text stk-block-text stk-block stk-36bc52f\" data-block-id=\"36bc52f\"><style>.stk-36bc52f .stk-block-text__text{font-size:var(--stk--preset--font-size--large, 30px) !important;}@media screen and (max-width:999px){.stk-36bc52f .stk-block-text__text{font-size:var(--stk--preset--font-size--large, 30px) !important;}}<\/style><p class=\"stk-block-text__text\"><strong>Dataansvarlig<\/strong><\/p><\/div>\n\n\n\n<p>Jeg er dataansvarlig for behandlingen af de personoplysninger, som vi behandler om vores kunder og samarbejdspartnere. Du finder vores kontaktoplysninger nedenfor.<br><br>Hundens Fys v\/Vibeke Revald Christoffernsen<br>Stubbevangen 46, 5700 Svendborg<br>CVR-nr.: 43840614<br><br>Det er ikke et krav, at min virksomhed har en ekstern DPO, men hvis du har sp\u00f8rgsm\u00e5l til behandlingen af dine personoplysninger, s\u00e5 kan du kontakte mig via kontakt@hundensfys.dk.<\/p>\n\n\n\n<h3 class=\"wp-block-heading\">Behandlingsaktiviteter<\/h3>\n\n\n\n<p>Som dataansvarlig jf. GDPR, har jeg f\u00f8lgende behandlingsaktiviteter:<\/p>\n\n\n\n<h3 class=\"wp-block-heading\">Bes\u00f8g p\u00e5 hjemmeside<\/h3>\n\n\n\n<p>Jeg bruger i \u00f8jeblikket ingen cookies p\u00e5 min hjemmeside<\/p>\n\n\n\n<h3 class=\"wp-block-heading\">Kommunikation med potentielle kunder<\/h3>\n\n\n\n<p>Hvis du har sp\u00f8rgsm\u00e5l til min side, eller \u00f8nsker at h\u00f8re mere om min services, s\u00e5 kan du kontakte mig via:<br><br>Email: kontakt@hundensfys.dk<br>Telefon: 52 11 15 50<br><br>Her vil jeg behandle dine personoplysninger, s\u00e5 je kan indg\u00e5 i en dialog med dig fx svare p\u00e5 sp\u00f8rgsm\u00e5l om mine ydelser. Jeg behandler kun den information, som du giver mig i forbindelse med vores kommunikation.<br>Jeg vil typisk behandle f\u00f8lgende almindelige oplysninger: navn, email, telefonnummer.<br>Min hjemmel til at behandle disse personoplysninger er databeskyttelsesforordningens artikel 6, stk. 1 litra f.<br>Jeg sletter vores kommunikation med dig n\u00e5r det st\u00e5r klart, om du \u00f8nsker mine ydelser eller ej.<br>Skulle der i et s\u00e6rligt tilf\u00e6lde opst\u00e5 et behov for at opbevare dine personoplysninger i l\u00e6ngere tid, s\u00e5 vil dette kunne v\u00e6re tilf\u00e6ldet med dit samtykke.<\/p>\n\n\n\n<h3 class=\"wp-block-heading\">Kunder<\/h3>\n\n\n\n<p>Jeg har behov for at kommunikere med mine kunder, s\u00e5 jeg sikrer mig, at ydelsen leveres korrekt. Herigennem kan jeg behandle oplysninger om navn, adresse, ydelser, s\u00e6rlige aftaler, betalingsinformationer og lignende.<br>Hjemlen til at behandle disse personoplysninger er databeskyttelsesforordningens artikel 6, stk. 1 litra b.<br><\/p>\n\n\n\n<h3 class=\"wp-block-heading\">Nyhedsbrev<\/h3>\n\n\n\n<p>Jeg har ikke noget nyhedsbrev.<\/p>\n\n\n\n<h3 class=\"wp-block-heading\">Bogf\u00f8ring<\/h3>\n\n\n\n<p>Jeg skal gemme alle regnskabsbilag jf. bogf\u00f8ringsloven. Det betyder, at jeg gemmer fakturaer og lignende bilag til brug for regnskabsf\u00f8ring. Heraf kan der fremg\u00e5 almindelige personoplysninger som navn, adresse, ydelsesbeskrivelse.<br>Vores hjemmel til at behandle personoplysninger til bogf\u00f8ringen er databeskyttelsesforordningens artikel 6, stk.1 litra.<br>Vi opbevarer disse oplysninger i minimum 5 \u00e5r efter at indev\u00e6rende regnskabs\u00e5r er afsluttet.<\/p>\n\n\n\n<h3 class=\"wp-block-heading\">Databehandlere<\/h3>\n\n\n\n<p>F\u00e5 kan klare alt selv, og det samme g\u00e6lder mig. Jeg har derfor samarbejdspartnere og benytter mig af leverand\u00f8rer, hvoraf nogle kan v\u00e6re databehandlere.<br>Eksterne leverand\u00f8rer kan eksempelvis levere systemer til at organisere mit arbejde, services, r\u00e5dgivning, IT-hosting eller markedsf\u00f8ring.<br><br>Nordicway ApS &#8211; IT-hosting<\/p>\n\n\n\n<p>EasyMe &#8211; journalsystem<br><br>Det er mit ansvar at sikre, at dine personoplysninger behandles ordentligt. Derfor stiller jeg h\u00f8je krav til vores samarbejdspartnere, og mine partnere skal garantere, at dine personoplysninger er beskyttet.<br>Jeg indg\u00e5r derfor aftaler herom med virksomheder (databehandlere), der h\u00e5ndterer personoplysninger p\u00e5 mine vegne for at h\u00f8jne sikkerheden af dine personoplysninger.<\/p>\n\n\n\n<h3 class=\"wp-block-heading\">Videregivelse af personoplysninger<\/h3>\n\n\n\n<p>Jeg videregiver ikke dine personoplysninger til tredjemand.<\/p>\n\n\n\n<h3 class=\"wp-block-heading\">Profilering og automatiserede afg\u00f8relser<\/h3>\n\n\n\n<p>Jeg foretager ikke profilering eller automatiserede afg\u00f8relser.<\/p>\n\n\n\n<h3 class=\"wp-block-heading\">Tredjelandeoverf\u00f8rsler<\/h3>\n\n\n\n<p>Jeg benytter som udgangspunkt databehandlere i EU\/E\u00d8S, eller som opbevarer data i EU\/E\u00d8S.<br>I nogle tilf\u00e6lde er dette ikke muligt, og her kan der benyttes databehandlere udenfor EU\/E\u00d8S, hvis disse kan give dine personoplysninger en passende beskyttelse.<\/p>\n\n\n\n<h3 class=\"wp-block-heading\">Behandlingssikkerhed<\/h3>\n\n\n\n<p>Jeg holder behandlingen af personoplysninger sikker ved at have indf\u00f8rt passende tekniske og organisatoriske foranstaltninger.<br>Jeg har lavet risikovurderinger af vores behandling af personoplysninger, og har herefter indf\u00f8rt passende tekniske og organisatoriske foranstaltninger for at \u00f8ge behandlingssikkerheden.<br>Jeg er kontinuerligt opdateret omkring GDPR.<\/p>\n\n\n\n<h3 class=\"wp-block-heading\">De registreredes rettigheder<\/h3>\n\n\n\n<p>Du har efter databeskyttelsesforordningen en r\u00e6kke rettigheder i forhold til min behandling af oplysninger om dig.<br>Hvis du vil g\u00f8re brug af dine rettigheder skal du kontakte mig, s\u00e5 jeg kan hj\u00e6lpe dig med dette.<\/p>\n\n\n\n<h3 class=\"wp-block-heading\">Ret til at se oplysninger (indsigtsret)<\/h3>\n\n\n\n<p>Du har ret til at f\u00e5 indsigt i de oplysninger, som jeg behandler om dig, samt en r\u00e6kke yderligere oplysninger.<\/p>\n\n\n\n<h3 class=\"wp-block-heading\">Ret til berigtigelse (rettelse)<\/h3>\n\n\n\n<p>Du har ret til at f\u00e5 urigtige oplysninger om dig selv rettet.<\/p>\n\n\n\n<h3 class=\"wp-block-heading\">Ret til sletning<\/h3>\n\n\n\n<p>I s\u00e6rlige tilf\u00e6lde har du ret til at f\u00e5 slettet oplysninger om dig, inden tidspunktet for vores almindelige generelle sletning indtr\u00e6ffer.<\/p>\n\n\n\n<h3 class=\"wp-block-heading\">Ret til begr\u00e6nsning af behandling<\/h3>\n\n\n\n<p>Du har i visse tilf\u00e6lde ret til at f\u00e5 behandlingen af dine personoplysninger begr\u00e6nset. Hvis du har ret til at f\u00e5 begr\u00e6nset behandlingen, m\u00e5 jeg fremover kun behandle oplysningerne \u2013 bortset fra opbevaring \u2013 med dit samtykke, eller med henblik p\u00e5 at retskrav kan fastl\u00e6gges, g\u00f8res g\u00e6ldende eller forsvares, eller for at beskytte en person eller vigtige samfundsinteresser.<\/p>\n\n\n\n<h3 class=\"wp-block-heading\">Ret til indsigelse<\/h3>\n\n\n\n<p>Du har i visse tilf\u00e6lde ret til at g\u00f8re indsigelse mod mine ellers lovlige behandling af dine personoplysninger. Du kan ogs\u00e5 g\u00f8re indsigelse mod behandling af dine oplysninger til direkte markedsf\u00f8ring.<\/p>\n\n\n\n<h3 class=\"wp-block-heading\">Ret til at transmittere oplysninger (dataportabilitet)<\/h3>\n\n\n\n<p>Du har i visse tilf\u00e6lde ret til at modtage dine personoplysninger i et struktureret, almindeligt anvendt og maskinl\u00e6sbart format samt at f\u00e5 overf\u00f8rt disse personoplysninger fra \u00e9n dataansvarlig til en anden uden hindring.<br>Du kan l\u00e6se mere om dine rettigheder i Datatilsynets vejledning om de registreredes rettigheder, som du finder p\u00e5 www.datatilsynet.dk.<\/p>\n\n\n\n<h3 class=\"wp-block-heading\">Tilbagetr\u00e6kning af samtykke<\/h3>\n\n\n\n<p>N\u00e5r min behandling af dine personoplysninger er baseret p\u00e5 dit samtykke, s\u00e5 har du ret til at tr\u00e6kke dit samtykke tilbage.<\/p>\n\n\n\n<h3 class=\"wp-block-heading\">Klage til Datatilsynet<\/h3>\n\n\n\n<p>Du har ret til at indgive en klage til Datatilsynet, hvis du er utilfreds med den m\u00e5de, jeg behandler dine personoplysninger p\u00e5. Du finder Datatilsynets kontaktoplysninger p\u00e5 www.datatilsynet.dk.<br><\/p>\n","protected":false},"excerpt":{"rendered":"<p>Dataansvarlig Jeg er dataansvarlig for behandlingen af de personoplysninger, som vi behandler om vores kunder og samarbejdspartnere. Du finder vores kontaktoplysninger nedenfor. Hundens Fys v\/Vibeke Revald ChristoffernsenStubbevangen 46, 5700 SvendborgCVR-nr.: 43840614 Det er ikke et krav, at min virksomhed har en ekstern DPO, men hvis du har sp\u00f8rgsm\u00e5l til behandlingen af dine personoplysninger, s\u00e5 kan [&hellip;]<\/p>\n","protected":false},"author":1,"featured_media":0,"parent":0,"menu_order":0,"comment_status":"closed","ping_status":"open","template":"","meta":{"footnotes":""},"class_list":["post-479","page","type-page","status-publish","hentry"],"blocksy_meta":[],"_links":{"self":[{"href":"https:\/\/hundensfys.dk\/index.php\/wp-json\/wp\/v2\/pages\/479","targetHints":{"allow":["GET"]}}],"collection":[{"href":"https:\/\/hundensfys.dk\/index.php\/wp-json\/wp\/v2\/pages"}],"about":[{"href":"https:\/\/hundensfys.dk\/index.php\/wp-json\/wp\/v2\/types\/page"}],"author":[{"embeddable":true,"href":"https:\/\/hundensfys.dk\/index.php\/wp-json\/wp\/v2\/users\/1"}],"replies":[{"embeddable":true,"href":"https:\/\/hundensfys.dk\/index.php\/wp-json\/wp\/v2\/comments?post=479"}],"version-history":[{"count":4,"href":"https:\/\/hundensfys.dk\/index.php\/wp-json\/wp\/v2\/pages\/479\/revisions"}],"predecessor-version":[{"id":806,"href":"https:\/\/hundensfys.dk\/index.php\/wp-json\/wp\/v2\/pages\/479\/revisions\/806"}],"wp:attachment":[{"href":"https:\/\/hundensfys.dk\/index.php\/wp-json\/wp\/v2\/media?parent=479"}],"curies":[{"name":"wp","href":"https:\/\/api.w.org\/{rel}","templated":true}]}}