{"id":12,"date":"2021-05-07T11:47:06","date_gmt":"2021-05-07T11:47:06","guid":{"rendered":"https:\/\/startersites.io\/blocksy\/yogi\/?page_id=12"},"modified":"2026-03-11T18:43:20","modified_gmt":"2026-03-11T18:43:20","slug":"priser","status":"publish","type":"page","link":"https:\/\/hundensfys.dk\/index.php\/priser\/","title":{"rendered":"Priser"},"content":{"rendered":"\n<div class=\"wp-block-stackable-text stk-block-text stk-block stk-046cad1\" data-block-id=\"046cad1\"><p class=\"stk-block-text__text\"><\/p><\/div>\n\n\n\n<p class=\"has-large-font-size\">For at f\u00e5 uddybende information omkring behandlingsformer og -indhold, se under fanen &#8220;behandlinger&#8221;. Der kan v\u00e6re tilskud til fysioterapi gennem din forsikring.<\/p>\n\n\n\n<ul class=\"wp-block-list\">\n<li class=\"has-large-font-size\">Opstartskonsultation 1 time kr. 500,-<\/li>\n\n\n\n<li class=\"has-large-font-size\">Efterf\u00f8lgende behandlinger\/genoptr\u00e6ning 475,-<\/li>\n\n\n\n<li class=\"has-large-font-size\">Tr\u00e6ningsprogram kr. 100,-<\/li>\n\n\n\n<li class=\"has-large-font-size\">Massage &#8211; som behandling, som beroligende indsats, som wellness. Uden anden indsats.\n<ul class=\"wp-block-list\">\n<li class=\"has-large-font-size\">Fuld massage 45 min kr. 475,-<\/li>\n\n\n\n<li class=\"has-large-font-size\">Kort massage 30 min kr. 350,-<\/li>\n<\/ul>\n<\/li>\n\n\n\n<li class=\"has-large-font-size\">K\u00f8rsel: Jeg kommer gerne til jer, der till\u00e6gges 5 kr. pr k\u00f8rt kilometer tur\/retur til og fra Stubbevangen 46, 5700 Svendborg. Hvis dette \u00f8nskes, skriv da dette ved bookning.<\/li>\n<\/ul>\n\n\n\n<figure class=\"wp-block-image aligncenter size-full is-resized has-custom-border wp-duotone-unset-1\"><img loading=\"lazy\" decoding=\"async\" width=\"693\" height=\"556\" src=\"https:\/\/hundensfys.dk\/ny2\/wp-content\/uploads\/2026\/02\/logo-uden-tekst.png\" alt=\"\" class=\"wp-image-661\" style=\"border-style:none;border-width:0px;border-top-left-radius:0px;border-top-right-radius:0px;border-bottom-left-radius:0px;border-bottom-right-radius:0px;width:453px;height:auto\" srcset=\"https:\/\/hundensfys.dk\/wp-content\/uploads\/2026\/02\/logo-uden-tekst.png 693w, https:\/\/hundensfys.dk\/wp-content\/uploads\/2026\/02\/logo-uden-tekst-300x241.png 300w\" sizes=\"auto, (max-width: 693px) 100vw, 693px\" \/><\/figure>\n","protected":false},"excerpt":{"rendered":"<p>For at f\u00e5 uddybende information omkring behandlingsformer og -indhold, se under fanen &#8220;behandlinger&#8221;. Der kan v\u00e6re tilskud til fysioterapi gennem din forsikring.<\/p>\n","protected":false},"author":1,"featured_media":0,"parent":0,"menu_order":0,"comment_status":"closed","ping_status":"closed","template":"","meta":{"footnotes":""},"class_list":["post-12","page","type-page","status-publish","hentry"],"blocksy_meta":{"styles_descriptor":{"styles":{"desktop":"","tablet":"","mobile":""},"google_fonts":[]}},"_links":{"self":[{"href":"https:\/\/hundensfys.dk\/index.php\/wp-json\/wp\/v2\/pages\/12","targetHints":{"allow":["GET"]}}],"collection":[{"href":"https:\/\/hundensfys.dk\/index.php\/wp-json\/wp\/v2\/pages"}],"about":[{"href":"https:\/\/hundensfys.dk\/index.php\/wp-json\/wp\/v2\/types\/page"}],"author":[{"embeddable":true,"href":"https:\/\/hundensfys.dk\/index.php\/wp-json\/wp\/v2\/users\/1"}],"replies":[{"embeddable":true,"href":"https:\/\/hundensfys.dk\/index.php\/wp-json\/wp\/v2\/comments?post=12"}],"version-history":[{"count":3,"href":"https:\/\/hundensfys.dk\/index.php\/wp-json\/wp\/v2\/pages\/12\/revisions"}],"predecessor-version":[{"id":756,"href":"https:\/\/hundensfys.dk\/index.php\/wp-json\/wp\/v2\/pages\/12\/revisions\/756"}],"wp:attachment":[{"href":"https:\/\/hundensfys.dk\/index.php\/wp-json\/wp\/v2\/media?parent=12"}],"curies":[{"name":"wp","href":"https:\/\/api.w.org\/{rel}","templated":true}]}}